{"id":1522,"date":"2024-07-02T18:09:22","date_gmt":"2024-07-02T18:09:22","guid":{"rendered":"https:\/\/maparoisse.ca\/site-juillet-2024\/?page_id=1522"},"modified":"2024-07-16T04:37:06","modified_gmt":"2024-07-16T04:37:06","slug":"jeunesse","status":"publish","type":"page","link":"https:\/\/maparoisse.ca\/site-juillet-2024\/jeunesse\/","title":{"rendered":"Jeunesse"},"content":{"rendered":"\t\t<div data-elementor-type=\"wp-page\" data-elementor-id=\"1522\" class=\"elementor elementor-1522\">\n\t\t\t\t<div class=\"elementor-element elementor-element-2f946d5 e-flex e-con-boxed e-con e-parent\" data-id=\"2f946d5\" data-element_type=\"container\" data-settings=\"{&quot;background_background&quot;:&quot;classic&quot;}\">\n\t\t\t\t\t<div class=\"e-con-inner\">\n\t\t\t\t<div class=\"elementor-element elementor-element-fe6e10e elementor-widget__width-initial elementor-widget elementor-widget-heading\" data-id=\"fe6e10e\" data-element_type=\"widget\" data-widget_type=\"heading.default\">\n\t\t\t\t<div class=\"elementor-widget-container\">\n\t\t\t\t\t<p class=\"elementor-heading-title elementor-size-default\">Coin Jeunes<\/p>\t\t\t\t<\/div>\n\t\t\t\t<\/div>\n\t\t\t\t<div class=\"elementor-element elementor-element-7f34d55 elementor-widget__width-initial elementor-widget elementor-widget-heading\" data-id=\"7f34d55\" data-element_type=\"widget\" data-widget_type=\"heading.default\">\n\t\t\t\t<div class=\"elementor-widget-container\">\n\t\t\t\t\t<h1 class=\"elementor-heading-title elementor-size-default\">Bienvenue dans la section jeunesse!<\/h1>\t\t\t\t<\/div>\n\t\t\t\t<\/div>\n\t\t\t\t\t<\/div>\n\t\t\t\t<\/div>\n\t\t<div class=\"elementor-element elementor-element-c2b4b76 e-flex e-con-boxed e-con e-parent\" data-id=\"c2b4b76\" data-element_type=\"container\" data-settings=\"{&quot;background_background&quot;:&quot;classic&quot;}\">\n\t\t\t\t\t<div class=\"e-con-inner\">\n\t\t<div class=\"elementor-element elementor-element-64f6f74 e-con-full e-flex e-con e-child\" data-id=\"64f6f74\" data-element_type=\"container\">\n\t\t\t\t<div class=\"elementor-element elementor-element-970b7b7 elementor-widget elementor-widget-heading\" data-id=\"970b7b7\" data-element_type=\"widget\" data-widget_type=\"heading.default\">\n\t\t\t\t<div class=\"elementor-widget-container\">\n\t\t\t\t\t<h2 class=\"elementor-heading-title elementor-size-default\">Messes Familiales<\/h2>\t\t\t\t<\/div>\n\t\t\t\t<\/div>\n\t\t\t\t<\/div>\n\t\t<div class=\"elementor-element elementor-element-cc1e32a e-con-full e-flex e-con e-child\" data-id=\"cc1e32a\" data-element_type=\"container\">\n\t\t\t\t<div class=\"elementor-element elementor-element-806d624 elementor-widget elementor-widget-text-editor\" data-id=\"806d624\" data-element_type=\"widget\" data-widget_type=\"text-editor.default\">\n\t\t\t\t<div class=\"elementor-widget-container\">\n\t\t\t\t\t\t\t\t\t<p>Nos messes familiales sont des moments privil\u00e9gi\u00e9s o\u00f9 chacun peut ressentir profond\u00e9ment la pr\u00e9sence divine. Ces c\u00e9l\u00e9brations sont une merveilleuse occasion de voir, de premi\u00e8re main, les fruits de la cr\u00e9ation de Dieu et l\u2019amour infini qu\u2019il a pour chacun de nous, ses enfants.<\/p><p>Nous vous invitons \u00e0 venir participer \u00e0 l&rsquo;une ou l&rsquo;autre de ces c\u00e9l\u00e9brations\u00a0, un des \u00e9v\u00e9nements les plus beaux et spirituellement enrichissants de notre \u00e9glise. Vous y d\u00e9couvrirez une communaut\u00e9 accueillante et unie, pr\u00eate \u00e0 partager avec vous la joie et la paix qui \u00e9manent de notre foi commune.<\/p>\t\t\t\t\t\t\t\t<\/div>\n\t\t\t\t<\/div>\n\t\t\t\t<\/div>\n\t\t<div class=\"elementor-element elementor-element-2ed3e01 e-con-full e-flex e-con e-child\" data-id=\"2ed3e01\" data-element_type=\"container\">\n\t\t<div class=\"elementor-element elementor-element-636955f e-con-full e-flex e-con e-child\" data-id=\"636955f\" data-element_type=\"container\">\n\t\t\t\t<div class=\"elementor-element elementor-element-fb449a3 elementor-widget elementor-widget-image\" data-id=\"fb449a3\" data-element_type=\"widget\" data-widget_type=\"image.default\">\n\t\t\t\t<div class=\"elementor-widget-container\">\n\t\t\t\t\t\t\t\t\t\t\t\t\t\t\t<img fetchpriority=\"high\" decoding=\"async\" width=\"1024\" height=\"681\" src=\"https:\/\/maparoisse.ca\/site-juillet-2024\/wp-content\/uploads\/2024\/07\/MesseFamiliale4-1024x681.jpg\" class=\"attachment-large size-large wp-image-1530\" alt=\"\" srcset=\"https:\/\/maparoisse.ca\/site-juillet-2024\/wp-content\/uploads\/2024\/07\/MesseFamiliale4-1024x681.jpg 1024w, https:\/\/maparoisse.ca\/site-juillet-2024\/wp-content\/uploads\/2024\/07\/MesseFamiliale4-300x200.jpg 300w, https:\/\/maparoisse.ca\/site-juillet-2024\/wp-content\/uploads\/2024\/07\/MesseFamiliale4-768x511.jpg 768w, https:\/\/maparoisse.ca\/site-juillet-2024\/wp-content\/uploads\/2024\/07\/MesseFamiliale4-1536x1022.jpg 1536w, https:\/\/maparoisse.ca\/site-juillet-2024\/wp-content\/uploads\/2024\/07\/MesseFamiliale4.jpg 1722w\" sizes=\"(max-width: 1024px) 100vw, 1024px\" \/>\t\t\t\t\t\t\t\t\t\t\t\t\t\t\t<\/div>\n\t\t\t\t<\/div>\n\t\t\t\t<\/div>\n\t\t<div class=\"elementor-element elementor-element-066ccc7 e-con-full e-flex e-con e-child\" data-id=\"066ccc7\" data-element_type=\"container\">\n\t\t\t\t<div class=\"elementor-element elementor-element-7f34814 elementor-widget elementor-widget-image\" data-id=\"7f34814\" data-element_type=\"widget\" data-widget_type=\"image.default\">\n\t\t\t\t<div class=\"elementor-widget-container\">\n\t\t\t\t\t\t\t\t\t\t\t\t\t\t\t<img decoding=\"async\" width=\"1536\" height=\"1152\" src=\"https:\/\/maparoisse.ca\/site-juillet-2024\/wp-content\/uploads\/2024\/07\/MesseFamiliale1-1536x1152.jpg\" class=\"attachment-1536x1536 size-1536x1536 wp-image-1532\" alt=\"\" srcset=\"https:\/\/maparoisse.ca\/site-juillet-2024\/wp-content\/uploads\/2024\/07\/MesseFamiliale1-1536x1152.jpg 1536w, https:\/\/maparoisse.ca\/site-juillet-2024\/wp-content\/uploads\/2024\/07\/MesseFamiliale1-300x225.jpg 300w, https:\/\/maparoisse.ca\/site-juillet-2024\/wp-content\/uploads\/2024\/07\/MesseFamiliale1-1024x768.jpg 1024w, https:\/\/maparoisse.ca\/site-juillet-2024\/wp-content\/uploads\/2024\/07\/MesseFamiliale1-768x576.jpg 768w, https:\/\/maparoisse.ca\/site-juillet-2024\/wp-content\/uploads\/2024\/07\/MesseFamiliale1.jpg 2048w\" sizes=\"(max-width: 1536px) 100vw, 1536px\" \/>\t\t\t\t\t\t\t\t\t\t\t\t\t\t\t<\/div>\n\t\t\t\t<\/div>\n\t\t\t\t<\/div>\n\t\t\t\t<\/div>\n\t\t<div class=\"elementor-element elementor-element-e170b9b e-con-full e-flex e-con e-child\" data-id=\"e170b9b\" data-element_type=\"container\">\n\t\t\t\t<div class=\"elementor-element elementor-element-8e88a22 elementor-widget elementor-widget-image\" data-id=\"8e88a22\" data-element_type=\"widget\" data-widget_type=\"image.default\">\n\t\t\t\t<div class=\"elementor-widget-container\">\n\t\t\t\t\t\t\t\t\t\t\t\t\t\t\t<img decoding=\"async\" width=\"768\" height=\"511\" src=\"https:\/\/maparoisse.ca\/site-juillet-2024\/wp-content\/uploads\/2024\/07\/MesseFamiliale5-768x511.jpg\" class=\"attachment-medium_large size-medium_large wp-image-1531\" alt=\"\" srcset=\"https:\/\/maparoisse.ca\/site-juillet-2024\/wp-content\/uploads\/2024\/07\/MesseFamiliale5-768x511.jpg 768w, https:\/\/maparoisse.ca\/site-juillet-2024\/wp-content\/uploads\/2024\/07\/MesseFamiliale5-300x200.jpg 300w, https:\/\/maparoisse.ca\/site-juillet-2024\/wp-content\/uploads\/2024\/07\/MesseFamiliale5-1024x681.jpg 1024w, https:\/\/maparoisse.ca\/site-juillet-2024\/wp-content\/uploads\/2024\/07\/MesseFamiliale5-1536x1022.jpg 1536w, https:\/\/maparoisse.ca\/site-juillet-2024\/wp-content\/uploads\/2024\/07\/MesseFamiliale5.jpg 1722w\" sizes=\"(max-width: 768px) 100vw, 768px\" \/>\t\t\t\t\t\t\t\t\t\t\t\t\t\t\t<\/div>\n\t\t\t\t<\/div>\n\t\t\t\t<\/div>\n\t\t<div class=\"elementor-element elementor-element-b8bd718 e-con-full e-flex e-con e-child\" data-id=\"b8bd718\" data-element_type=\"container\">\n\t\t\t\t<div class=\"elementor-element elementor-element-a46a6e4 elementor-widget elementor-widget-heading\" data-id=\"a46a6e4\" data-element_type=\"widget\" data-widget_type=\"heading.default\">\n\t\t\t\t<div class=\"elementor-widget-container\">\n\t\t\t\t\t<h2 class=\"elementor-heading-title elementor-size-default\">Messe en plein air<\/h2>\t\t\t\t<\/div>\n\t\t\t\t<\/div>\n\t\t\t\t<\/div>\n\t\t<div class=\"elementor-element elementor-element-b5a5cec e-con-full e-flex e-con e-child\" data-id=\"b5a5cec\" data-element_type=\"container\">\n\t\t\t\t<div class=\"elementor-element elementor-element-5e47aad elementor-widget elementor-widget-text-editor\" data-id=\"5e47aad\" data-element_type=\"widget\" data-widget_type=\"text-editor.default\">\n\t\t\t\t<div class=\"elementor-widget-container\">\n\t\t\t\t\t\t\t\t\t<p>Une messe en plein air est pr\u00e9vue chaque ann\u00e9e, un \u00e9v\u00e9nement qui r\u00e9unit notre communaut\u00e9 dans la beaut\u00e9 de la nature et sous le ciel ouvert. Cette c\u00e9l\u00e9bration sp\u00e9ciale est une occasion unique de ressentir la pr\u00e9sence divine et d&rsquo;appr\u00e9cier la cr\u00e9ation de Dieu dans toute sa splendeur.<\/p>\t\t\t\t\t\t\t\t<\/div>\n\t\t\t\t<\/div>\n\t\t\t\t<\/div>\n\t\t<div class=\"elementor-element elementor-element-e74a9dd e-con-full e-flex e-con e-child\" data-id=\"e74a9dd\" data-element_type=\"container\">\n\t\t<div class=\"elementor-element elementor-element-d4b278a e-con-full e-flex e-con e-child\" data-id=\"d4b278a\" data-element_type=\"container\">\n\t\t\t\t<div class=\"elementor-element elementor-element-2c67ae0 elementor-widget elementor-widget-image\" data-id=\"2c67ae0\" data-element_type=\"widget\" data-widget_type=\"image.default\">\n\t\t\t\t<div class=\"elementor-widget-container\">\n\t\t\t\t\t\t\t\t\t\t\t\t\t\t\t<img loading=\"lazy\" decoding=\"async\" width=\"771\" height=\"1024\" src=\"https:\/\/maparoisse.ca\/site-juillet-2024\/wp-content\/uploads\/2024\/07\/messenpleinair1-771x1024.jpg\" class=\"attachment-large size-large wp-image-1544\" alt=\"\" srcset=\"https:\/\/maparoisse.ca\/site-juillet-2024\/wp-content\/uploads\/2024\/07\/messenpleinair1-771x1024.jpg 771w, https:\/\/maparoisse.ca\/site-juillet-2024\/wp-content\/uploads\/2024\/07\/messenpleinair1-226x300.jpg 226w, https:\/\/maparoisse.ca\/site-juillet-2024\/wp-content\/uploads\/2024\/07\/messenpleinair1-768x1020.jpg 768w, https:\/\/maparoisse.ca\/site-juillet-2024\/wp-content\/uploads\/2024\/07\/messenpleinair1-1157x1536.jpg 1157w, https:\/\/maparoisse.ca\/site-juillet-2024\/wp-content\/uploads\/2024\/07\/messenpleinair1.jpg 1458w\" sizes=\"(max-width: 771px) 100vw, 771px\" \/>\t\t\t\t\t\t\t\t\t\t\t\t\t\t\t<\/div>\n\t\t\t\t<\/div>\n\t\t\t\t<\/div>\n\t\t<div class=\"elementor-element elementor-element-e39e829 e-con-full e-flex e-con e-child\" data-id=\"e39e829\" data-element_type=\"container\">\n\t\t<div class=\"elementor-element elementor-element-316d88d e-con-full e-flex e-con e-child\" data-id=\"316d88d\" data-element_type=\"container\">\n\t\t\t\t<div class=\"elementor-element elementor-element-8531d9c elementor-widget elementor-widget-image\" data-id=\"8531d9c\" data-element_type=\"widget\" data-widget_type=\"image.default\">\n\t\t\t\t<div class=\"elementor-widget-container\">\n\t\t\t\t\t\t\t\t\t\t\t\t\t\t\t<img loading=\"lazy\" decoding=\"async\" width=\"768\" height=\"745\" src=\"https:\/\/maparoisse.ca\/site-juillet-2024\/wp-content\/uploads\/2024\/07\/Messenpleinair5-768x745.jpg\" class=\"attachment-medium_large size-medium_large wp-image-1545\" alt=\"\" srcset=\"https:\/\/maparoisse.ca\/site-juillet-2024\/wp-content\/uploads\/2024\/07\/Messenpleinair5-768x745.jpg 768w, https:\/\/maparoisse.ca\/site-juillet-2024\/wp-content\/uploads\/2024\/07\/Messenpleinair5-300x291.jpg 300w, https:\/\/maparoisse.ca\/site-juillet-2024\/wp-content\/uploads\/2024\/07\/Messenpleinair5-1024x993.jpg 1024w, https:\/\/maparoisse.ca\/site-juillet-2024\/wp-content\/uploads\/2024\/07\/Messenpleinair5-1536x1489.jpg 1536w, https:\/\/maparoisse.ca\/site-juillet-2024\/wp-content\/uploads\/2024\/07\/Messenpleinair5.jpg 1970w\" sizes=\"(max-width: 768px) 100vw, 768px\" \/>\t\t\t\t\t\t\t\t\t\t\t\t\t\t\t<\/div>\n\t\t\t\t<\/div>\n\t\t\t\t<\/div>\n\t\t<div class=\"elementor-element elementor-element-1b14c15 e-con-full e-flex e-con e-child\" data-id=\"1b14c15\" data-element_type=\"container\">\n\t\t\t\t<div class=\"elementor-element elementor-element-b60c157 elementor-widget elementor-widget-image\" data-id=\"b60c157\" data-element_type=\"widget\" data-widget_type=\"image.default\">\n\t\t\t\t<div class=\"elementor-widget-container\">\n\t\t\t\t\t\t\t\t\t\t\t\t\t\t\t<img loading=\"lazy\" decoding=\"async\" width=\"768\" height=\"576\" src=\"https:\/\/maparoisse.ca\/site-juillet-2024\/wp-content\/uploads\/2024\/07\/Messeenpleinair2-768x576.jpg\" class=\"attachment-medium_large size-medium_large wp-image-1543\" alt=\"\" srcset=\"https:\/\/maparoisse.ca\/site-juillet-2024\/wp-content\/uploads\/2024\/07\/Messeenpleinair2-768x576.jpg 768w, https:\/\/maparoisse.ca\/site-juillet-2024\/wp-content\/uploads\/2024\/07\/Messeenpleinair2-300x225.jpg 300w, https:\/\/maparoisse.ca\/site-juillet-2024\/wp-content\/uploads\/2024\/07\/Messeenpleinair2-1024x768.jpg 1024w, https:\/\/maparoisse.ca\/site-juillet-2024\/wp-content\/uploads\/2024\/07\/Messeenpleinair2-1536x1152.jpg 1536w, https:\/\/maparoisse.ca\/site-juillet-2024\/wp-content\/uploads\/2024\/07\/Messeenpleinair2.jpg 1944w\" sizes=\"(max-width: 768px) 100vw, 768px\" \/>\t\t\t\t\t\t\t\t\t\t\t\t\t\t\t<\/div>\n\t\t\t\t<\/div>\n\t\t\t\t<\/div>\n\t\t\t\t<\/div>\n\t\t\t\t<\/div>\n\t\t\t\t\t<\/div>\n\t\t\t\t<\/div>\n\t\t<div class=\"elementor-element elementor-element-73c772f e-flex e-con-boxed e-con e-parent\" data-id=\"73c772f\" data-element_type=\"container\" data-settings=\"{&quot;background_background&quot;:&quot;classic&quot;}\">\n\t\t\t\t\t<div class=\"e-con-inner\">\n\t\t<div class=\"elementor-element elementor-element-5375b3c e-flex e-con-boxed e-con e-child\" data-id=\"5375b3c\" data-element_type=\"container\">\n\t\t\t\t\t<div class=\"e-con-inner\">\n\t\t<div class=\"elementor-element elementor-element-411c22e e-con-full e-flex e-con e-child\" data-id=\"411c22e\" data-element_type=\"container\">\n\t\t\t\t<div class=\"elementor-element elementor-element-cdf3242 elementor-widget elementor-widget-image\" data-id=\"cdf3242\" data-element_type=\"widget\" data-widget_type=\"image.default\">\n\t\t\t\t<div class=\"elementor-widget-container\">\n\t\t\t\t\t\t\t\t\t\t\t\t\t\t\t<img loading=\"lazy\" decoding=\"async\" width=\"768\" height=\"580\" src=\"https:\/\/maparoisse.ca\/site-juillet-2024\/wp-content\/uploads\/2024\/07\/Messenpleinair3-768x580.jpg\" class=\"attachment-medium_large size-medium_large wp-image-1542\" alt=\"\" srcset=\"https:\/\/maparoisse.ca\/site-juillet-2024\/wp-content\/uploads\/2024\/07\/Messenpleinair3-768x580.jpg 768w, https:\/\/maparoisse.ca\/site-juillet-2024\/wp-content\/uploads\/2024\/07\/Messenpleinair3-300x227.jpg 300w, https:\/\/maparoisse.ca\/site-juillet-2024\/wp-content\/uploads\/2024\/07\/Messenpleinair3-1024x773.jpg 1024w, https:\/\/maparoisse.ca\/site-juillet-2024\/wp-content\/uploads\/2024\/07\/Messenpleinair3-1536x1160.jpg 1536w, https:\/\/maparoisse.ca\/site-juillet-2024\/wp-content\/uploads\/2024\/07\/Messenpleinair3.jpg 2023w\" sizes=\"(max-width: 768px) 100vw, 768px\" \/>\t\t\t\t\t\t\t\t\t\t\t\t\t\t\t<\/div>\n\t\t\t\t<\/div>\n\t\t\t\t<\/div>\n\t\t<div class=\"elementor-element elementor-element-6f56b75 e-con-full e-flex e-con e-child\" data-id=\"6f56b75\" data-element_type=\"container\">\n\t\t\t\t<div class=\"elementor-element elementor-element-9827a80 elementor-widget elementor-widget-image\" data-id=\"9827a80\" data-element_type=\"widget\" data-widget_type=\"image.default\">\n\t\t\t\t<div class=\"elementor-widget-container\">\n\t\t\t\t\t\t\t\t\t\t\t\t\t\t\t<img loading=\"lazy\" decoding=\"async\" width=\"768\" height=\"511\" src=\"https:\/\/maparoisse.ca\/site-juillet-2024\/wp-content\/uploads\/2024\/07\/Messeenpleinair4-768x511.jpg\" class=\"attachment-medium_large size-medium_large wp-image-1546\" alt=\"\" srcset=\"https:\/\/maparoisse.ca\/site-juillet-2024\/wp-content\/uploads\/2024\/07\/Messeenpleinair4-768x511.jpg 768w, https:\/\/maparoisse.ca\/site-juillet-2024\/wp-content\/uploads\/2024\/07\/Messeenpleinair4-300x200.jpg 300w, https:\/\/maparoisse.ca\/site-juillet-2024\/wp-content\/uploads\/2024\/07\/Messeenpleinair4-1024x681.jpg 1024w, https:\/\/maparoisse.ca\/site-juillet-2024\/wp-content\/uploads\/2024\/07\/Messeenpleinair4-1536x1022.jpg 1536w, https:\/\/maparoisse.ca\/site-juillet-2024\/wp-content\/uploads\/2024\/07\/Messeenpleinair4.jpg 1722w\" sizes=\"(max-width: 768px) 100vw, 768px\" \/>\t\t\t\t\t\t\t\t\t\t\t\t\t\t\t<\/div>\n\t\t\t\t<\/div>\n\t\t\t\t<\/div>\n\t\t\t\t\t<\/div>\n\t\t\t\t<\/div>\n\t\t\t\t\t<\/div>\n\t\t\t\t<\/div>\n\t\t<div class=\"elementor-element elementor-element-af4b75e e-flex e-con-boxed e-con e-parent\" data-id=\"af4b75e\" data-element_type=\"container\" data-settings=\"{&quot;background_background&quot;:&quot;classic&quot;}\">\n\t\t\t\t\t<div class=\"e-con-inner\">\n\t\t<div class=\"elementor-element elementor-element-18869dd e-con-full e-flex e-con e-child\" data-id=\"18869dd\" data-element_type=\"container\">\n\t\t\t\t<div class=\"elementor-element elementor-element-34a368a elementor-widget elementor-widget-heading\" data-id=\"34a368a\" data-element_type=\"widget\" data-widget_type=\"heading.default\">\n\t\t\t\t<div class=\"elementor-widget-container\">\n\t\t\t\t\t<h2 class=\"elementor-heading-title elementor-size-default\">Activit\u00e9s \u00e0 caract\u00e8re social<\/h2>\t\t\t\t<\/div>\n\t\t\t\t<\/div>\n\t\t\t\t<\/div>\n\t\t<div class=\"elementor-element elementor-element-40069bf e-con-full e-flex e-con e-child\" data-id=\"40069bf\" data-element_type=\"container\">\n\t\t\t\t<div class=\"elementor-element elementor-element-b150a6d elementor-widget elementor-widget-text-editor\" data-id=\"b150a6d\" data-element_type=\"widget\" data-widget_type=\"text-editor.default\">\n\t\t\t\t<div class=\"elementor-widget-container\">\n\t\t\t\t\t\t\t\t\t<p>Visites aupr\u00e8s de personnes dans le besoin, incluant les personnes malades, itin\u00e9rantes, migrantes, vivant seules ou dans des maisons de retraite.<\/p>\t\t\t\t\t\t\t\t<\/div>\n\t\t\t\t<\/div>\n\t\t\t\t<\/div>\n\t\t<div class=\"elementor-element elementor-element-658d446 e-con-full e-flex e-con e-child\" data-id=\"658d446\" data-element_type=\"container\">\n\t\t\t\t<div class=\"elementor-element elementor-element-cc6bfca elementor-widget elementor-widget-jbafe_lottie_animation\" data-id=\"cc6bfca\" data-element_type=\"widget\" data-widget_type=\"jbafe_lottie_animation.default\">\n\t\t\t\t\t<div id=\"jbafes-la69f51538ee963\" class=\"jbafes-lotties-animation-wrapper jbafes-jbafes-la69f51538ee963  align-center renderer-svg\"  style=\"margin-right: auto;margin-left: auto;\" data-id=\"jbafes-la69f51538ee963\" data-path=\"https:\/\/maparoisse.ca\/site-juillet-2024\/wp-content\/uploads\/2024\/07\/Animation-1719951107831.json\" data-loop=\"\" data-anim_renderer=\"svg\" data-width=\"47%\" data-height=\"\" data-playspeed=\"0.5\" data-play_action=\"autoplay\" data-la_scrollbased=\"la_custom\" data-la_section_duration=\"500\" data-la_section_duration_tablet=\"500\" data-la_section_duration_mobile=\"500\" data-la_section_offset=\"0\" data-la_section_offset_tablet=\"0\" data-la_section_offset_mobile=\"0\" data-la_start_time=\"\" data-la_end_time=\"\"><\/div>\t\t\t\t<\/div>\n\t\t\t\t<\/div>\n\t\t\t\t\t<\/div>\n\t\t\t\t<\/div>\n\t\t\t\t<\/div>\n\t\t","protected":false},"excerpt":{"rendered":"<p>Coin Jeunes Bienvenue dans la section jeunesse! Messes Familiales Nos messes familiales sont des moments privil\u00e9gi\u00e9s o\u00f9 chacun peut ressentir [&hellip;]<\/p>\n","protected":false},"author":2,"featured_media":0,"parent":0,"menu_order":0,"comment_status":"closed","ping_status":"closed","template":"","meta":{"_uag_custom_page_level_css":"","site-sidebar-layout":"no-sidebar","site-content-layout":"","ast-site-content-layout":"full-width-container","site-content-style":"default","site-sidebar-style":"default","ast-global-header-display":"","ast-banner-title-visibility":"","ast-main-header-display":"","ast-hfb-above-header-display":"","ast-hfb-below-header-display":"","ast-hfb-mobile-header-display":"","site-post-title":"disabled","ast-breadcrumbs-content":"","ast-featured-img":"disabled","footer-sml-layout":"","theme-transparent-header-meta":"enabled","adv-header-id-meta":"","stick-header-meta":"","header-above-stick-meta":"","header-main-stick-meta":"","header-below-stick-meta":"","astra-migrate-meta-layouts":"default","ast-page-background-enabled":"default","ast-page-background-meta":{"desktop":{"background-color":"var(--ast-global-color-4)","background-image":"","background-repeat":"repeat","background-position":"center center","background-size":"auto","background-attachment":"scroll","background-type":"","background-media":"","overlay-type":"","overlay-color":"","overlay-opacity":"","overlay-gradient":""},"tablet":{"background-color":"","background-image":"","background-repeat":"repeat","background-position":"center center","background-size":"auto","background-attachment":"scroll","background-type":"","background-media":"","overlay-type":"","overlay-color":"","overlay-opacity":"","overlay-gradient":""},"mobile":{"background-color":"","background-image":"","background-repeat":"repeat","background-position":"center center","background-size":"auto","background-attachment":"scroll","background-type":"","background-media":"","overlay-type":"","overlay-color":"","overlay-opacity":"","overlay-gradient":""}},"ast-content-background-meta":{"desktop":{"background-color":"var(--ast-global-color-5)","background-image":"","background-repeat":"repeat","background-position":"center center","background-size":"auto","background-attachment":"scroll","background-type":"","background-media":"","overlay-type":"","overlay-color":"","overlay-opacity":"","overlay-gradient":""},"tablet":{"background-color":"var(--ast-global-color-5)","background-image":"","background-repeat":"repeat","background-position":"center center","background-size":"auto","background-attachment":"scroll","background-type":"","background-media":"","overlay-type":"","overlay-color":"","overlay-opacity":"","overlay-gradient":""},"mobile":{"background-color":"var(--ast-global-color-5)","background-image":"","background-repeat":"repeat","background-position":"center center","background-size":"auto","background-attachment":"scroll","background-type":"","background-media":"","overlay-type":"","overlay-color":"","overlay-opacity":"","overlay-gradient":""}},"footnotes":""},"class_list":["post-1522","page","type-page","status-publish","hentry"],"uagb_featured_image_src":{"full":false,"thumbnail":false,"medium":false,"medium_large":false,"large":false,"1536x1536":false,"2048x2048":false},"uagb_author_info":{"display_name":"Joseph R","author_link":"https:\/\/maparoisse.ca\/site-juillet-2024\/author\/joseph\/"},"uagb_comment_info":0,"uagb_excerpt":"Coin Jeunes Bienvenue dans la section jeunesse! Messes Familiales Nos messes familiales sont des moments privil\u00e9gi\u00e9s o\u00f9 chacun peut ressentir [&hellip;]","_links":{"self":[{"href":"https:\/\/maparoisse.ca\/site-juillet-2024\/wp-json\/wp\/v2\/pages\/1522","targetHints":{"allow":["GET"]}}],"collection":[{"href":"https:\/\/maparoisse.ca\/site-juillet-2024\/wp-json\/wp\/v2\/pages"}],"about":[{"href":"https:\/\/maparoisse.ca\/site-juillet-2024\/wp-json\/wp\/v2\/types\/page"}],"author":[{"embeddable":true,"href":"https:\/\/maparoisse.ca\/site-juillet-2024\/wp-json\/wp\/v2\/users\/2"}],"replies":[{"embeddable":true,"href":"https:\/\/maparoisse.ca\/site-juillet-2024\/wp-json\/wp\/v2\/comments?post=1522"}],"version-history":[{"count":28,"href":"https:\/\/maparoisse.ca\/site-juillet-2024\/wp-json\/wp\/v2\/pages\/1522\/revisions"}],"predecessor-version":[{"id":1685,"href":"https:\/\/maparoisse.ca\/site-juillet-2024\/wp-json\/wp\/v2\/pages\/1522\/revisions\/1685"}],"wp:attachment":[{"href":"https:\/\/maparoisse.ca\/site-juillet-2024\/wp-json\/wp\/v2\/media?parent=1522"}],"curies":[{"name":"wp","href":"https:\/\/api.w.org\/{rel}","templated":true}]}}